{"id":2,"date":"2024-10-01T07:57:46","date_gmt":"2024-10-01T07:57:46","guid":{"rendered":"https:\/\/barmadariaga.rkinformatika.online\/?page_id=2"},"modified":"2025-02-20T18:28:46","modified_gmt":"2025-02-20T18:28:46","slug":"inicio","status":"publish","type":"page","link":"https:\/\/davidrisi.es\/eu\/","title":{"rendered":"Hasiera"},"content":{"rendered":"\t\t<div data-elementor-type=\"wp-page\" data-elementor-id=\"2\" class=\"elementor elementor-2\" data-elementor-post-type=\"page\">\n\t\t\t\t\t\t<section class=\"elementor-section elementor-top-section elementor-element elementor-element-28c25b9d elementor-section-boxed elementor-section-height-default elementor-section-height-default\" data-id=\"28c25b9d\" data-element_type=\"section\" data-e-type=\"section\" data-settings=\"{&quot;background_slideshow_lazyload&quot;:&quot;yes&quot;,&quot;background_slideshow_ken_burns&quot;:&quot;yes&quot;,&quot;background_background&quot;:&quot;slideshow&quot;,&quot;background_slideshow_gallery&quot;:[{&quot;id&quot;:1353,&quot;url&quot;:&quot;https:\\\/\\\/davidrisi.es\\\/wp-content\\\/uploads\\\/2024\\\/10\\\/38.jpg&quot;},{&quot;id&quot;:1462,&quot;url&quot;:&quot;https:\\\/\\\/davidrisi.es\\\/wp-content\\\/uploads\\\/2024\\\/10\\\/2148562637.jpg&quot;}],&quot;background_slideshow_loop&quot;:&quot;yes&quot;,&quot;background_slideshow_slide_duration&quot;:5000,&quot;background_slideshow_slide_transition&quot;:&quot;fade&quot;,&quot;background_slideshow_transition_duration&quot;:500,&quot;background_slideshow_ken_burns_zoom_direction&quot;:&quot;in&quot;}\">\n\t\t\t\t\t\t\t<div class=\"elementor-background-overlay\"><\/div>\n\t\t\t\t\t\t\t<div class=\"elementor-container elementor-column-gap-default\">\n\t\t\t\t\t<div class=\"elementor-column elementor-col-100 elementor-top-column elementor-element elementor-element-3a961d61\" data-id=\"3a961d61\" data-element_type=\"column\" data-e-type=\"column\">\n\t\t\t<div class=\"elementor-widget-wrap elementor-element-populated\">\n\t\t\t\t\t\t<div class=\"elementor-element elementor-element-b021ac4 elementor-widget elementor-widget-heading\" data-id=\"b021ac4\" data-element_type=\"widget\" data-e-type=\"widget\" data-widget_type=\"heading.default\">\n\t\t\t\t<div class=\"elementor-widget-container\">\n\t\t\t\t\t<h2 class=\"elementor-heading-title elementor-size-default\">Venta y distribuci\u00f3n de productos Risi<\/h2>\t\t\t\t<\/div>\n\t\t\t\t<\/div>\n\t\t\t\t\t<\/div>\n\t\t<\/div>\n\t\t\t\t\t<\/div>\n\t\t<\/section>\n\t\t\t\t<section class=\"elementor-section elementor-top-section elementor-element elementor-element-5d9377e3 elementor-section-content-middle elementor-section-boxed elementor-section-height-default elementor-section-height-default\" data-id=\"5d9377e3\" data-element_type=\"section\" data-e-type=\"section\" data-settings=\"{&quot;background_background&quot;:&quot;classic&quot;}\">\n\t\t\t\t\t\t\t<div class=\"elementor-background-overlay\"><\/div>\n\t\t\t\t\t\t\t<div class=\"elementor-container elementor-column-gap-default\">\n\t\t\t\t\t<div class=\"elementor-column elementor-col-50 elementor-top-column elementor-element elementor-element-773819b5 elementor-invisible\" data-id=\"773819b5\" data-element_type=\"column\" data-e-type=\"column\" data-settings=\"{&quot;animation&quot;:&quot;fadeInLeft&quot;}\">\n\t\t\t<div class=\"elementor-widget-wrap elementor-element-populated\">\n\t\t\t\t\t\t<div class=\"elementor-element elementor-element-e04149f elementor-invisible elementor-widget elementor-widget-heading\" data-id=\"e04149f\" data-element_type=\"widget\" data-e-type=\"widget\" data-settings=\"{&quot;_animation&quot;:&quot;fadeInUp&quot;}\" data-widget_type=\"heading.default\">\n\t\t\t\t<div class=\"elementor-widget-container\">\n\t\t\t\t\t<h2 class=\"elementor-heading-title elementor-size-default\">Productos Risi<\/h2>\t\t\t\t<\/div>\n\t\t\t\t<\/div>\n\t\t\t\t<div class=\"elementor-element elementor-element-5c24a83a elementor-invisible elementor-widget elementor-widget-text-editor\" data-id=\"5c24a83a\" data-element_type=\"widget\" data-e-type=\"widget\" data-settings=\"{&quot;_animation&quot;:&quot;fadeInUp&quot;}\" data-widget_type=\"text-editor.default\">\n\t\t\t\t<div class=\"elementor-widget-container\">\n\t\t\t\t\t\t\t\t\t<p>En nuestra empresa nos especializamos en la venta y distribuci\u00f3n de toda la gama de snacks de la reconocida marca Risi, conocida por su calidad y tradici\u00f3n. Ofrecemos productos ic\u00f3nicos como <strong data-start=\"237\" data-end=\"250\">Gusanitos<\/strong>, con su inconfundible sabor y textura; <strong data-start=\"290\" data-end=\"302\">Risketos<\/strong>, un cl\u00e1sico favorito con su toque picante; <strong data-start=\"346\" data-end=\"359\">Palomitas<\/strong>, perfectas para disfrutar en cualquier momento, y <strong data-start=\"410\" data-end=\"424\">Match Ball<\/strong>, las bolitas de ma\u00edz que son sin\u00f3nimo de diversi\u00f3n y sabor.<\/p>\t\t\t\t\t\t\t\t<\/div>\n\t\t\t\t<\/div>\n\t\t\t\t<div class=\"elementor-element elementor-element-35d38aac elementor-invisible elementor-widget elementor-widget-text-editor\" data-id=\"35d38aac\" data-element_type=\"widget\" data-e-type=\"widget\" data-settings=\"{&quot;_animation&quot;:&quot;fadeInUp&quot;}\" data-widget_type=\"text-editor.default\">\n\t\t\t\t<div class=\"elementor-widget-container\">\n\t\t\t\t\t\t\t\t\t<p data-start=\"0\" data-end=\"363\">Nuestro principal objetivo es brindar un servicio r\u00e1pido, eficaz y orientado a la satisfacci\u00f3n de nuestros clientes, garantizando siempre la m\u00e1xima frescura y calidad en todos los productos. Nos enorgullece ofrecer los snacks que han sido parte de la vida de varias generaciones, aportando momentos de disfrute y nostalgia a cada consumidor.<\/p>\t\t\t\t\t\t\t\t<\/div>\n\t\t\t\t<\/div>\n\t\t\t\t\t<\/div>\n\t\t<\/div>\n\t\t\t\t<div class=\"elementor-column elementor-col-50 elementor-top-column elementor-element elementor-element-198b79f5\" data-id=\"198b79f5\" data-element_type=\"column\" data-e-type=\"column\" data-settings=\"{&quot;background_background&quot;:&quot;classic&quot;}\">\n\t\t\t<div class=\"elementor-widget-wrap elementor-element-populated\">\n\t\t\t\t<div class=\"elementor-element elementor-element-fd14d21 e-flex e-con-boxed e-con e-parent\" data-id=\"fd14d21\" data-element_type=\"container\" data-e-type=\"container\" data-settings=\"{&quot;background_background&quot;:&quot;slideshow&quot;,&quot;background_slideshow_gallery&quot;:[{&quot;id&quot;:1350,&quot;url&quot;:&quot;https:\\\/\\\/davidrisi.es\\\/wp-content\\\/uploads\\\/2024\\\/10\\\/Design-sem-nome-1.png&quot;},{&quot;id&quot;:1348,&quot;url&quot;:&quot;https:\\\/\\\/davidrisi.es\\\/wp-content\\\/uploads\\\/2024\\\/10\\\/Design-sem-nome-3.png&quot;},{&quot;id&quot;:1347,&quot;url&quot;:&quot;https:\\\/\\\/davidrisi.es\\\/wp-content\\\/uploads\\\/2024\\\/10\\\/Design-sem-nome-4.png&quot;},{&quot;id&quot;:1346,&quot;url&quot;:&quot;https:\\\/\\\/davidrisi.es\\\/wp-content\\\/uploads\\\/2024\\\/10\\\/Design-sem-nome-5.png&quot;},{&quot;id&quot;:1340,&quot;url&quot;:&quot;https:\\\/\\\/davidrisi.es\\\/wp-content\\\/uploads\\\/2024\\\/10\\\/Design-sem-nome-11.png&quot;},{&quot;id&quot;:1343,&quot;url&quot;:&quot;https:\\\/\\\/davidrisi.es\\\/wp-content\\\/uploads\\\/2024\\\/10\\\/Design-sem-nome-8.png&quot;},{&quot;id&quot;:1342,&quot;url&quot;:&quot;https:\\\/\\\/davidrisi.es\\\/wp-content\\\/uploads\\\/2024\\\/10\\\/Design-sem-nome-9.png&quot;},{&quot;id&quot;:1344,&quot;url&quot;:&quot;https:\\\/\\\/davidrisi.es\\\/wp-content\\\/uploads\\\/2024\\\/10\\\/Design-sem-nome-7.png&quot;},{&quot;id&quot;:1345,&quot;url&quot;:&quot;https:\\\/\\\/davidrisi.es\\\/wp-content\\\/uploads\\\/2024\\\/10\\\/Design-sem-nome-6.png&quot;},{&quot;id&quot;:1450,&quot;url&quot;:&quot;https:\\\/\\\/davidrisi.es\\\/wp-content\\\/uploads\\\/2024\\\/10\\\/Design-sem-nome-12.png&quot;},{&quot;id&quot;:1451,&quot;url&quot;:&quot;https:\\\/\\\/davidrisi.es\\\/wp-content\\\/uploads\\\/2024\\\/10\\\/Design-sem-nome-13.png&quot;}],&quot;background_slideshow_loop&quot;:&quot;yes&quot;,&quot;background_slideshow_slide_duration&quot;:5000,&quot;background_slideshow_slide_transition&quot;:&quot;fade&quot;,&quot;background_slideshow_transition_duration&quot;:500}\">\n\t\t\t\t\t<div class=\"e-con-inner\">\n\t\t\t\t\t<\/div>\n\t\t\t\t<\/div>\n\t\t\t\t\t<\/div>\n\t\t<\/div>\n\t\t\t\t\t<\/div>\n\t\t<\/section>\n\t\t<div class=\"elementor-element elementor-element-a618a4b e-con-full e-flex e-con e-parent\" data-id=\"a618a4b\" data-element_type=\"container\" data-e-type=\"container\">\n\t\t\t\t<div class=\"elementor-element elementor-element-491e170 elementor-cta--skin-classic elementor-animated-content elementor-bg-transform elementor-bg-transform-zoom-in elementor-widget elementor-widget-call-to-action\" data-id=\"491e170\" data-element_type=\"widget\" data-e-type=\"widget\" data-widget_type=\"call-to-action.default\">\n\t\t\t\t<div class=\"elementor-widget-container\">\n\t\t\t\t\t\t\t<div class=\"elementor-cta\">\n\t\t\t\t\t<div class=\"elementor-cta__bg-wrapper\">\n\t\t\t\t<div class=\"elementor-cta__bg elementor-bg\" style=\"background-image: url(https:\/\/davidrisi.es\/wp-content\/uploads\/2025\/02\/2148562639-1024x576.jpg);\" role=\"img\" aria-label=\"2148562639\"><\/div>\n\t\t\t\t<div class=\"elementor-cta__bg-overlay\"><\/div>\n\t\t\t<\/div>\n\t\t\t\t\t\t\t<div class=\"elementor-cta__content\">\n\t\t\t\t\n\t\t\t\t\t\t\t\t\t<h2 class=\"elementor-cta__title elementor-cta__content-item elementor-content-item\">\n\t\t\t\t\t\t\u00a1Experimenta el sabor que te har\u00e1 volver por m\u00e1s!\t\t\t\t\t<\/h2>\n\t\t\t\t\n\t\t\t\t\n\t\t\t\t\t\t\t\t\t<div class=\"elementor-cta__button-wrapper elementor-cta__content-item elementor-content-item \">\n\t\t\t\t\t<a class=\"elementor-cta__button elementor-button elementor-size-\" href=\"https:\/\/davidrisi.es\/productos\/\">\n\t\t\t\t\t\tProductos\t\t\t\t\t<\/a>\n\t\t\t\t\t<\/div>\n\t\t\t\t\t\t\t<\/div>\n\t\t\t\t\t\t<\/div>\n\t\t\t\t\t\t<\/div>\n\t\t\t\t<\/div>\n\t\t\t\t<\/div>\n\t\t\t\t<\/div>\n\t\t","protected":false},"excerpt":{"rendered":"<p>Venta y distribuci\u00f3n de productos Risi Productos Risi En nuestra empresa nos especializamos en la venta y distribuci\u00f3n de toda la gama de snacks de la reconocida marca Risi, conocida por su calidad y tradici\u00f3n. Ofrecemos productos ic\u00f3nicos como Gusanitos, con su inconfundible sabor y textura; Risketos, un cl\u00e1sico favorito con su toque picante; Palomitas, [&hellip;]<\/p>\n","protected":false},"author":3,"featured_media":0,"parent":0,"menu_order":0,"comment_status":"closed","ping_status":"closed","template":"elementor_canvas","meta":{"footnotes":""},"class_list":["post-2","page","type-page","status-publish","hentry"],"yoast_head":"<!-- This site is optimized with the Yoast SEO plugin v27.4 - https:\/\/yoast.com\/product\/yoast-seo-wordpress\/ -->\n<title>Inicio - David Risi<\/title>\n<meta name=\"robots\" content=\"index, follow, max-snippet:-1, max-image-preview:large, max-video-preview:-1\" \/>\n<link rel=\"canonical\" href=\"https:\/\/davidrisi.es\/eu\/\" \/>\n<meta property=\"og:locale\" content=\"en_US\" \/>\n<meta property=\"og:type\" content=\"article\" \/>\n<meta property=\"og:title\" content=\"Inicio - David Risi\" \/>\n<meta property=\"og:description\" content=\"Venta y distribuci\u00f3n de productos Risi Productos Risi En nuestra empresa nos especializamos en la venta y distribuci\u00f3n de toda la gama de snacks de la reconocida marca Risi, conocida por su calidad y tradici\u00f3n. Ofrecemos productos ic\u00f3nicos como Gusanitos, con su inconfundible sabor y textura; Risketos, un cl\u00e1sico favorito con su toque picante; Palomitas, [&hellip;]\" \/>\n<meta property=\"og:url\" content=\"https:\/\/davidrisi.es\/eu\/\" \/>\n<meta property=\"og:site_name\" content=\"David Risi\" \/>\n<meta property=\"article:modified_time\" content=\"2025-02-20T18:28:46+00:00\" \/>\n<meta name=\"twitter:card\" content=\"summary_large_image\" \/>\n<meta name=\"twitter:label1\" content=\"Est. reading time\" \/>\n\t<meta name=\"twitter:data1\" content=\"1 minutua\" \/>\n<script type=\"application\/ld+json\" class=\"yoast-schema-graph\">{\"@context\":\"https:\\\/\\\/schema.org\",\"@graph\":[{\"@type\":\"WebPage\",\"@id\":\"https:\\\/\\\/davidrisi.es\\\/\",\"url\":\"https:\\\/\\\/davidrisi.es\\\/\",\"name\":\"Inicio - David Risi\",\"isPartOf\":{\"@id\":\"https:\\\/\\\/davidrisi.es\\\/#website\"},\"datePublished\":\"2024-10-01T07:57:46+00:00\",\"dateModified\":\"2025-02-20T18:28:46+00:00\",\"breadcrumb\":{\"@id\":\"https:\\\/\\\/davidrisi.es\\\/#breadcrumb\"},\"inLanguage\":\"eu\",\"potentialAction\":[{\"@type\":\"ReadAction\",\"target\":[\"https:\\\/\\\/davidrisi.es\\\/\"]}]},{\"@type\":\"BreadcrumbList\",\"@id\":\"https:\\\/\\\/davidrisi.es\\\/#breadcrumb\",\"itemListElement\":[{\"@type\":\"ListItem\",\"position\":1,\"name\":\"Portada\",\"item\":\"https:\\\/\\\/davidrisi.es\\\/\"},{\"@type\":\"ListItem\",\"position\":2,\"name\":\"Inicio\"}]},{\"@type\":\"WebSite\",\"@id\":\"https:\\\/\\\/davidrisi.es\\\/#website\",\"url\":\"https:\\\/\\\/davidrisi.es\\\/\",\"name\":\"David Risi\",\"description\":\"Venta y distribuci\u00f3n de productos Risi\",\"publisher\":{\"@id\":\"https:\\\/\\\/davidrisi.es\\\/#organization\"},\"potentialAction\":[{\"@type\":\"SearchAction\",\"target\":{\"@type\":\"EntryPoint\",\"urlTemplate\":\"https:\\\/\\\/davidrisi.es\\\/?s={search_term_string}\"},\"query-input\":{\"@type\":\"PropertyValueSpecification\",\"valueRequired\":true,\"valueName\":\"search_term_string\"}}],\"inLanguage\":\"eu\"},{\"@type\":\"Organization\",\"@id\":\"https:\\\/\\\/davidrisi.es\\\/#organization\",\"name\":\"David Risi\",\"url\":\"https:\\\/\\\/davidrisi.es\\\/\",\"logo\":{\"@type\":\"ImageObject\",\"inLanguage\":\"eu\",\"@id\":\"https:\\\/\\\/davidrisi.es\\\/#\\\/schema\\\/logo\\\/image\\\/\",\"url\":\"https:\\\/\\\/davidrisi.es\\\/wp-content\\\/uploads\\\/2025\\\/02\\\/cropped-Design-sem-nome.png\",\"contentUrl\":\"https:\\\/\\\/davidrisi.es\\\/wp-content\\\/uploads\\\/2025\\\/02\\\/cropped-Design-sem-nome.png\",\"width\":419,\"height\":474,\"caption\":\"David Risi\"},\"image\":{\"@id\":\"https:\\\/\\\/davidrisi.es\\\/#\\\/schema\\\/logo\\\/image\\\/\"}}]}<\/script>\n<!-- \/ Yoast SEO plugin. -->","yoast_head_json":{"title":"Inicio - David Risi","robots":{"index":"index","follow":"follow","max-snippet":"max-snippet:-1","max-image-preview":"max-image-preview:large","max-video-preview":"max-video-preview:-1"},"canonical":"https:\/\/davidrisi.es\/eu\/","og_locale":"en_US","og_type":"article","og_title":"Inicio - David Risi","og_description":"Venta y distribuci\u00f3n de productos Risi Productos Risi En nuestra empresa nos especializamos en la venta y distribuci\u00f3n de toda la gama de snacks de la reconocida marca Risi, conocida por su calidad y tradici\u00f3n. Ofrecemos productos ic\u00f3nicos como Gusanitos, con su inconfundible sabor y textura; Risketos, un cl\u00e1sico favorito con su toque picante; Palomitas, [&hellip;]","og_url":"https:\/\/davidrisi.es\/eu\/","og_site_name":"David Risi","article_modified_time":"2025-02-20T18:28:46+00:00","twitter_card":"summary_large_image","twitter_misc":{"Est. reading time":"1 minutua"},"schema":{"@context":"https:\/\/schema.org","@graph":[{"@type":"WebPage","@id":"https:\/\/davidrisi.es\/","url":"https:\/\/davidrisi.es\/","name":"Inicio - David Risi","isPartOf":{"@id":"https:\/\/davidrisi.es\/#website"},"datePublished":"2024-10-01T07:57:46+00:00","dateModified":"2025-02-20T18:28:46+00:00","breadcrumb":{"@id":"https:\/\/davidrisi.es\/#breadcrumb"},"inLanguage":"eu","potentialAction":[{"@type":"ReadAction","target":["https:\/\/davidrisi.es\/"]}]},{"@type":"BreadcrumbList","@id":"https:\/\/davidrisi.es\/#breadcrumb","itemListElement":[{"@type":"ListItem","position":1,"name":"Portada","item":"https:\/\/davidrisi.es\/"},{"@type":"ListItem","position":2,"name":"Inicio"}]},{"@type":"WebSite","@id":"https:\/\/davidrisi.es\/#website","url":"https:\/\/davidrisi.es\/","name":"David Risi","description":"Risi produktuen salmenta eta banaketa","publisher":{"@id":"https:\/\/davidrisi.es\/#organization"},"potentialAction":[{"@type":"SearchAction","target":{"@type":"EntryPoint","urlTemplate":"https:\/\/davidrisi.es\/?s={search_term_string}"},"query-input":{"@type":"PropertyValueSpecification","valueRequired":true,"valueName":"search_term_string"}}],"inLanguage":"eu"},{"@type":"Organization","@id":"https:\/\/davidrisi.es\/#organization","name":"David Risi","url":"https:\/\/davidrisi.es\/","logo":{"@type":"ImageObject","inLanguage":"eu","@id":"https:\/\/davidrisi.es\/#\/schema\/logo\/image\/","url":"https:\/\/davidrisi.es\/wp-content\/uploads\/2025\/02\/cropped-Design-sem-nome.png","contentUrl":"https:\/\/davidrisi.es\/wp-content\/uploads\/2025\/02\/cropped-Design-sem-nome.png","width":419,"height":474,"caption":"David Risi"},"image":{"@id":"https:\/\/davidrisi.es\/#\/schema\/logo\/image\/"}}]}},"_links":{"self":[{"href":"https:\/\/davidrisi.es\/eu\/wp-json\/wp\/v2\/pages\/2","targetHints":{"allow":["GET"]}}],"collection":[{"href":"https:\/\/davidrisi.es\/eu\/wp-json\/wp\/v2\/pages"}],"about":[{"href":"https:\/\/davidrisi.es\/eu\/wp-json\/wp\/v2\/types\/page"}],"author":[{"embeddable":true,"href":"https:\/\/davidrisi.es\/eu\/wp-json\/wp\/v2\/users\/3"}],"replies":[{"embeddable":true,"href":"https:\/\/davidrisi.es\/eu\/wp-json\/wp\/v2\/comments?post=2"}],"version-history":[{"count":490,"href":"https:\/\/davidrisi.es\/eu\/wp-json\/wp\/v2\/pages\/2\/revisions"}],"predecessor-version":[{"id":1500,"href":"https:\/\/davidrisi.es\/eu\/wp-json\/wp\/v2\/pages\/2\/revisions\/1500"}],"wp:attachment":[{"href":"https:\/\/davidrisi.es\/eu\/wp-json\/wp\/v2\/media?parent=2"}],"curies":[{"name":"wp","href":"https:\/\/api.w.org\/{rel}","templated":true}]}}